{"id":95,"date":"2023-01-17T17:51:47","date_gmt":"2023-01-17T17:51:47","guid":{"rendered":"https:\/\/jazzorgan-bigband.de\/?page_id=95"},"modified":"2024-01-16T08:25:45","modified_gmt":"2024-01-16T08:25:45","slug":"programme","status":"publish","type":"page","link":"https:\/\/jazzorgan-bigband.de\/?page_id=95","title":{"rendered":"Programme"},"content":{"rendered":"\t\t<div data-elementor-type=\"wp-page\" data-elementor-id=\"95\" class=\"elementor elementor-95\">\n\t\t\t\t\t\t\t\t\t<section class=\"elementor-section elementor-top-section elementor-element elementor-element-7db4855f elementor-section-boxed elementor-section-height-default elementor-section-height-default\" data-id=\"7db4855f\" data-element_type=\"section\">\n\t\t\t\t\t\t<div class=\"elementor-container elementor-column-gap-default\">\n\t\t\t\t\t<div class=\"elementor-column elementor-col-100 elementor-top-column elementor-element elementor-element-428ef043\" data-id=\"428ef043\" data-element_type=\"column\">\n\t\t\t<div class=\"elementor-widget-wrap elementor-element-populated\">\n\t\t\t\t\t\t\t\t<div class=\"elementor-element elementor-element-32845d7 elementor-widget elementor-widget-heading\" data-id=\"32845d7\" data-element_type=\"widget\" data-widget_type=\"heading.default\">\n\t\t\t\t<div class=\"elementor-widget-container\">\n\t\t\t<style>\/*! elementor - v3.10.0 - 09-01-2023 *\/\n.elementor-heading-title{padding:0;margin:0;line-height:1}.elementor-widget-heading .elementor-heading-title[class*=elementor-size-]>a{color:inherit;font-size:inherit;line-height:inherit}.elementor-widget-heading .elementor-heading-title.elementor-size-small{font-size:15px}.elementor-widget-heading .elementor-heading-title.elementor-size-medium{font-size:19px}.elementor-widget-heading .elementor-heading-title.elementor-size-large{font-size:29px}.elementor-widget-heading .elementor-heading-title.elementor-size-xl{font-size:39px}.elementor-widget-heading .elementor-heading-title.elementor-size-xxl{font-size:59px}<\/style><h2 class=\"elementor-heading-title elementor-size-default\"><p class=\"MsoNormal\" align=\"center\" style=\"margin: 0cm; font-size: medium; font-family: &quot;Times New Roman&quot;, serif; caret-color: rgb(0, 0, 0); color: rgb(0, 0, 0); font-weight: 400; white-space: normal; text-align: center;\"><span style=\"font-size: 22pt; font-family: &quot;Arial Narrow&quot;, sans-serif;\">Das neue Programm 2024<b><i><o:p><\/o:p><\/i><\/b><\/span><\/p><p class=\"MsoNormal\" align=\"center\" style=\"margin: 0cm; font-size: medium; font-family: &quot;Times New Roman&quot;, serif; caret-color: rgb(0, 0, 0); color: rgb(0, 0, 0); font-weight: 400; white-space: normal; text-align: center;\"><b><i><span style=\"font-size: 22pt; font-family: &quot;Arial Narrow&quot;, sans-serif;\">- Giants Of Swing -<o:p><\/o:p><\/span><\/i><\/b><\/p><\/h2>\t\t<\/div>\n\t\t\t\t<\/div>\n\t\t\t\t<div class=\"elementor-element elementor-element-796b443 elementor-widget elementor-widget-text-editor\" data-id=\"796b443\" data-element_type=\"widget\" data-widget_type=\"text-editor.default\">\n\t\t\t\t<div class=\"elementor-widget-container\">\n\t\t\t<style>\/*! elementor - v3.10.0 - 09-01-2023 *\/\n.elementor-widget-text-editor.elementor-drop-cap-view-stacked .elementor-drop-cap{background-color:#818a91;color:#fff}.elementor-widget-text-editor.elementor-drop-cap-view-framed .elementor-drop-cap{color:#818a91;border:3px solid;background-color:transparent}.elementor-widget-text-editor:not(.elementor-drop-cap-view-default) .elementor-drop-cap{margin-top:8px}.elementor-widget-text-editor:not(.elementor-drop-cap-view-default) .elementor-drop-cap-letter{width:1em;height:1em}.elementor-widget-text-editor .elementor-drop-cap{float:left;text-align:center;line-height:1;font-size:50px}.elementor-widget-text-editor .elementor-drop-cap-letter{display:inline-block}<\/style>\t\t\t\t<p class=\"MsoNormal\" style=\"margin: 0cm; font-size: medium; font-family: 'Times New Roman', serif; caret-color: #000000; color: #000000;\"><span style=\"font-size: 14pt; font-family: 'Arial Narrow', sans-serif;\">Am 24. Mai 2024 pr\u00e4sentiert die Big Band\u00a0<b>JAZZORGAN\u00a0<\/b>ihr brandneues Programm mit Musik der\u00a0<b>GIANTS OF SWING<\/b>\u00a0\u2013 den gr\u00f6\u00dften Big Band-Klassikern der Drei\u00dfiger und Vierziger Jahre!<\/span><\/p>\n<p class=\"MsoNormal\" style=\"margin: 0cm; font-size: medium; font-family: 'Times New Roman', serif; caret-color: #000000; color: #000000;\"><span style=\"font-size: 14pt; font-family: 'Arial Narrow', sans-serif;\">\u00a0<\/span><\/p>\n<p class=\"MsoNormal\" style=\"margin: 0cm; font-size: medium; font-family: 'Times New Roman', serif; caret-color: #000000; color: #000000;\"><span style=\"font-size: 14pt; font-family: 'Arial Narrow', sans-serif;\">Nach den umjubelten Tribute-Konzerten f\u00fcr Buddy Rich, Stan Kenton und Benny Carter haben sich die Musiker um Bandleader Bodo Schmidt etwas Besonderes ausgedacht:<b>\u00a0JAZZORGAN<\/b>\u00a0spielt die ber\u00fchmten Titel der besten Big Bands aller Zeiten \u2013 Titel der legend\u00e4ren Bands von Glenn Miller, Tommy Dorsey, Woody Herman oder Les Brown.<\/span><\/p>\n<p class=\"MsoNormal\" style=\"margin: 0cm; font-size: medium; font-family: 'Times New Roman', serif; caret-color: #000000; color: #000000;\"><span style=\"font-size: 14pt; font-family: 'Arial Narrow', sans-serif;\">\u00a0<\/span><\/p>\n<p class=\"MsoNormal\" style=\"margin: 0cm; font-size: medium; font-family: 'Times New Roman', serif; caret-color: #000000; color: #000000;\"><span style=\"font-size: 14pt; font-family: 'Arial Narrow', sans-serif;\">Folgen Sie den engagierten Musikern von\u00a0<b>JAZZORGAN\u00a0<\/b>in die goldene \u00c4ra der Big Bands, in der virtuoses Zusammenspiel, kreative Improvisationen, aber auch pures Entertainment und mitrei\u00dfende Ballroom Dance Music untrennbar miteinander verbunden waren.<\/span><\/p>\n<p class=\"MsoNormal\" style=\"margin: 0cm; font-size: medium; font-family: 'Times New Roman', serif; caret-color: #000000; color: #000000;\"><span style=\"font-size: 14pt; font-family: 'Arial Narrow', sans-serif;\">Niemals zuvor und nie danach war der klassische Big Sound erfolgreicher!<\/span><\/p>\n<p class=\"MsoNormal\" style=\"margin: 0cm; font-size: medium; font-family: 'Times New Roman', serif; caret-color: #000000; color: #000000;\"><span style=\"font-size: 14pt; font-family: 'Arial Narrow', sans-serif;\">\u00a0<\/span><\/p>\n<p class=\"MsoNormal\" style=\"margin: 0cm; font-size: medium; font-family: 'Times New Roman', serif; caret-color: #000000; color: #000000;\"><span style=\"font-size: 14pt; font-family: 'Arial Narrow', sans-serif;\">Es erwartet Sie ein jazziges Gipfeltreffen der Ikonen der Big Band Musik \u2013 freuen Sie sich auf Hits wie den \u201eTrumpet Blues\u201c von Harry James, auf \u201eBegin the Beguine\u201c von Artie Shaw oder auf \u201eSkyliner\u201c von Charlie Barnet \u2013 und erstmals wird die Big Band\u00a0<b>JAZZORGAN<\/b>\u00a0mit einer Gesangssolistin auftreten!<\/span><\/p>\n<p class=\"MsoNormal\" style=\"margin: 0cm; font-size: medium; font-family: 'Times New Roman', serif; caret-color: #000000; color: #000000;\"><span style=\"font-size: 14pt; font-family: 'Arial Narrow', sans-serif;\">\u00a0<\/span><\/p>\n<p class=\"MsoNormal\" style=\"margin: 0cm; font-size: medium; font-family: 'Times New Roman', serif; caret-color: #000000; color: #000000;\"><span style=\"font-size: 14pt; font-family: 'Arial Narrow', sans-serif;\">Konzerttermine:<\/span><\/p>\n<p class=\"MsoNormal\" style=\"margin: 0cm; font-size: medium; font-family: 'Times New Roman', serif; caret-color: #000000; color: #000000;\"><span style=\"font-size: 14pt; font-family: 'Arial Narrow', sans-serif;\">24. Mai 2024, Jazztage Garbsen<\/span><\/p>\t\t\t\t\t\t<\/div>\n\t\t\t\t<\/div>\n\t\t\t\t<div class=\"elementor-element elementor-element-8cf8f9d elementor-widget elementor-widget-text-editor\" data-id=\"8cf8f9d\" data-element_type=\"widget\" data-widget_type=\"text-editor.default\">\n\t\t\t\t<div class=\"elementor-widget-container\">\n\t\t\t\t\t\t\t<figure class=\"wp-block-image size-large\"><img loading=\"lazy\" decoding=\"async\" width=\"1024\" height=\"683\" class=\"wp-image-17\" src=\"http:\/\/jazzorgan-bigband.de\/wp-content\/uploads\/2023\/01\/081A7580-1024x683.jpg\" alt=\"\" srcset=\"https:\/\/jazzorgan-bigband.de\/wp-content\/uploads\/2023\/01\/081A7580-1024x683.jpg 1024w, https:\/\/jazzorgan-bigband.de\/wp-content\/uploads\/2023\/01\/081A7580-300x200.jpg 300w, https:\/\/jazzorgan-bigband.de\/wp-content\/uploads\/2023\/01\/081A7580-768x512.jpg 768w, https:\/\/jazzorgan-bigband.de\/wp-content\/uploads\/2023\/01\/081A7580-1536x1024.jpg 1536w, https:\/\/jazzorgan-bigband.de\/wp-content\/uploads\/2023\/01\/081A7580-2048x1365.jpg 2048w\" sizes=\"(max-width: 1024px) 100vw, 1024px\" \/><\/figure>\n<p><!-- \/wp:image --><\/p>\n<p><!-- wp:group {\"className\":\"content-wrapper\"} --><\/p>\n<div class=\"wp-block-group content-wrapper\">\n<p><!-- wp:heading --><\/p>\n<h2 id=\"block-faeb76fb-72b1-4b9e-b9ed-ce3435cbfe02\">TRIBUTE TO Benny CARTER<\/h2>\n<p><!-- \/wp:heading --><\/p>\n<p><!-- wp:paragraph --><\/p>\n<p id=\"block-32a58cd5-ab28-4127-9795-392bc903f83e\">Im <strong>November 2021\u00a0<\/strong>zelebriert die Big Band\u00a0<strong>Jazzorgan<\/strong>\u00a0eine\u00a0 Hommage an den gro\u00dfen Komponisten und Multiinstrumentalisten\u00a0Benny Carter.<\/p>\n<p><!-- \/wp:paragraph --><\/p>\n<p><!-- wp:paragraph --><\/p>\n<p id=\"block-c9d2b3d4-5e50-4613-9a5f-1085d34e1e76\">Der 1907 geborene Wegbegleiter von so bekannten Namen wie Fletscher Henderson, Coleman Hawkins, Django Reinhardt, aber auch Mitentdecker von Dizzy Gillespie, Max Roach oder J.J. Johnson, komponierte nicht nur f\u00fcr seine eigenen Formationen, sondern auch f\u00fcr Filme wie \u201eThe Gene Krupa Story\u201c.<\/p>\n<p><!-- \/wp:paragraph --><\/p>\n<p><!-- wp:paragraph --><\/p>\n<p id=\"block-9e955210-3bab-471f-b0f6-0856f374fd11\">So war es nur eine Frage der Zeit, dass er auch f\u00fcr das Count Basie Orchester, in den 1960 Jahren eine der wichtigsten und popul\u00e4rsten Big Bands, einen Kompositionsauftrag \u00fcbernahm.<\/p>\n<p><!-- \/wp:paragraph --><\/p>\n<p><!-- wp:paragraph --><\/p>\n<p id=\"block-11690fde-4ce6-4bf8-a0a8-ee73c2b2f7ce\"><strong>\u201e Die Kansas City Suite\u201c<\/strong>, nicht etwa Landschaften oder H\u00e4userschluchten sind hier Thema, sondern die Night Clubs. Titel wie \u201eRompin\u2019 at the Reno\u201c, \u201eMiss Missouri\u201c oder \u201eThe Legend\u201c lassen die Atmosph\u00e4re dieser Zeit wieder erahnen.<\/p>\n<p><!-- \/wp:paragraph --><\/p>\n<p><!-- wp:paragraph --><\/p>\n<p>Auf dieser Reise begleitet Sie die Big Band\u00a0Jazzorgan. \u201eEin musikalischer Kneipenbummel der besonderen Art\u201c.<\/p>\n<\/div>\t\t\t\t\t\t<\/div>\n\t\t\t\t<\/div>\n\t\t\t\t<div class=\"elementor-element elementor-element-da6771e elementor-widget elementor-widget-text-editor\" data-id=\"da6771e\" data-element_type=\"widget\" data-widget_type=\"text-editor.default\">\n\t\t\t\t<div class=\"elementor-widget-container\">\n\t\t\t\t\t\t\t\t\t\t\t\t\t<\/div>\n\t\t\t\t<\/div>\n\t\t\t\t<div class=\"elementor-element elementor-element-61e2223 elementor-widget elementor-widget-text-editor\" data-id=\"61e2223\" data-element_type=\"widget\" data-widget_type=\"text-editor.default\">\n\t\t\t\t<div class=\"elementor-widget-container\">\n\t\t\t\t\t\t\t\t\t\t\t\t\t<\/div>\n\t\t\t\t<\/div>\n\t\t\t\t<div class=\"elementor-element elementor-element-8c0dcd3 elementor-widget elementor-widget-text-editor\" data-id=\"8c0dcd3\" data-element_type=\"widget\" data-widget_type=\"text-editor.default\">\n\t\t\t\t<div class=\"elementor-widget-container\">\n\t\t\t\t\t\t\t<figure class=\"wp-block-image size-large size-full\" style=\"caret-color: rgb(0, 0, 0); color: rgb(0, 0, 0);\"><img loading=\"lazy\" decoding=\"async\" width=\"1024\" height=\"683\" class=\"wp-image-21\" src=\"http:\/\/jazzorgan-bigband.de\/wp-content\/uploads\/2023\/01\/081A7631-1024x683.jpg\" alt=\"\" srcset=\"https:\/\/jazzorgan-bigband.de\/wp-content\/uploads\/2023\/01\/081A7631-1024x683.jpg 1024w, https:\/\/jazzorgan-bigband.de\/wp-content\/uploads\/2023\/01\/081A7631-300x200.jpg 300w, https:\/\/jazzorgan-bigband.de\/wp-content\/uploads\/2023\/01\/081A7631-768x512.jpg 768w, https:\/\/jazzorgan-bigband.de\/wp-content\/uploads\/2023\/01\/081A7631-1536x1024.jpg 1536w, https:\/\/jazzorgan-bigband.de\/wp-content\/uploads\/2023\/01\/081A7631-2048x1366.jpg 2048w\" sizes=\"(max-width: 1024px) 100vw, 1024px\" \/><\/figure><p style=\"caret-color: rgb(0, 0, 0); color: rgb(0, 0, 0);\"><\/p><p style=\"caret-color: rgb(0, 0, 0); color: rgb(0, 0, 0);\"><\/p><div class=\"wp-block-group content-wrapper\" style=\"caret-color: rgb(0, 0, 0); color: rgb(0, 0, 0);\"><p><\/p><h2 id=\"block-2c8106cf-64b3-4a2c-af4b-cdc468683b22\">TRIBUTE TO STAN KENTON<\/h2><p><\/p><p><\/p><p id=\"block-42817bdc-f7b3-4ef9-8fb2-9bf6c8f5a1ad\">Im&nbsp;<strong>Mai 2022<\/strong>&nbsp;spielte die Big Band&nbsp;<strong>JAZZORGAN&nbsp;<\/strong>das neue Programm mit Musik des legend\u00e4ren Bandleaders&nbsp;<strong>Stan Kenton<\/strong>, der den gro\u00dforchestralen Sound in die Big Band-Musik brachte.<\/p><p><\/p><p><\/p><p id=\"block-bdeaf0bf-df10-4e7d-bcae-3c4814fc1aa3\">Der 1911 geborene Musiker aus Wichita, Kansas, entwickelte fr\u00fch eine besondere Leidenschaft f\u00fcr den orchestralen Jazz und im Laufe seines Lebens erfand er ganz unterschiedliche<\/p><p><\/p><p><\/p><p id=\"block-6acf5834-0fe7-49aa-8b1b-16cf3a09de01\">Big Band-Sounds: Vom eher traditionellen Klang der Dance Bands \u00fcber Fusionen mit europ\u00e4ischer Klassik bis hin zu Latin Jazz und Jazzrock reicht die Bandbreite von Kentons Musik.&nbsp;<\/p><p><\/p><p><\/p><p id=\"block-df997f0d-be54-4be5-a103-a59228c0ba13\">Gemeinsam mit bedeutenden Musikern seiner Generation wie Lee Konitz, Art Pepper, Bill Holman und dem Arrangeur Pete Rugolo wurde Stan Kenton zur Legende des \u201eThird Stream\u201c und des \u201eProgressive Jazz\u201c mit gro\u00dfformatigen Besetzungen, gewaltigen Akkorden und geschichteten Klangmassen.<\/p><p><\/p><p><\/p><p id=\"block-d1c0a52b-7928-4a7d-bcf1-9b290b760013\">Der Konzertabend ist ein Streifzug durch das musikalische Werk&nbsp;<strong>Stan Kentons<\/strong>&nbsp;mit Big Band-Klassikern wie \u201eDynaflow\u201c, \u201eIntermission Riff\u201c, \u201eThe Peanut Vendor\u201c oder \u201eArtistry in Boogie\u201c.<\/p><\/div>\t\t\t\t\t\t<\/div>\n\t\t\t\t<\/div>\n\t\t\t\t<div class=\"elementor-element elementor-element-7498089 elementor-widget elementor-widget-text-editor\" data-id=\"7498089\" data-element_type=\"widget\" data-widget_type=\"text-editor.default\">\n\t\t\t\t<div class=\"elementor-widget-container\">\n\t\t\t\t\t\t\t<figure class=\"wp-block-image size-large size-full\" style=\"caret-color: #000000; color: #000000;\"><img loading=\"lazy\" decoding=\"async\" width=\"1024\" height=\"683\" class=\"wp-image-22\" src=\"http:\/\/jazzorgan-bigband.de\/wp-content\/uploads\/2023\/01\/DSC_3163-1024x683.jpg\" alt=\"\" srcset=\"https:\/\/jazzorgan-bigband.de\/wp-content\/uploads\/2023\/01\/DSC_3163-1024x683.jpg 1024w, https:\/\/jazzorgan-bigband.de\/wp-content\/uploads\/2023\/01\/DSC_3163-300x200.jpg 300w, https:\/\/jazzorgan-bigband.de\/wp-content\/uploads\/2023\/01\/DSC_3163-768x512.jpg 768w, https:\/\/jazzorgan-bigband.de\/wp-content\/uploads\/2023\/01\/DSC_3163-1536x1024.jpg 1536w, https:\/\/jazzorgan-bigband.de\/wp-content\/uploads\/2023\/01\/DSC_3163-2048x1365.jpg 2048w\" sizes=\"(max-width: 1024px) 100vw, 1024px\" \/><\/figure>\n<div class=\"wp-block-group content-wrapper\" style=\"caret-color: #000000; color: #000000;\">\n<h2 id=\"block-44803d10-6574-4a26-afc7-e4b3a7d26c0a\">TRIBUTE TO BUDDY RICH<\/h2>\n<p id=\"block-22879633-4f61-458b-8dcf-092d8e264213\">Im\u00a0<strong>Mai 2023<\/strong>\u00a0spielt die Big Band\u00a0<strong>JAZZORGAN\u00a0<\/strong>das neue Programm mit Musik des einzigartigen Big Band-Drummers\u00a0<strong>BUDDY RICH<\/strong>, der wie kein anderer Jazz-Schlagzeuger Virtuosit\u00e4t und mitrei\u00dfende Energie in seinem Stil vereinigte.<\/p>\n<p>Geboren im Jahre 1917 in New York wurde die Jazzwelt schnell auf den \u00fcberaus talentierten und ehrgeizigen jungen Drummer aufmerksam.\u00a0<strong>BUDDY RICH<\/strong>\u00a0spielte bereits in der Swing-\u00c4ra mit allen Gr\u00f6\u00dfen des Jazz zusammen \u2013 in den Big Bands von Tommy Dorsey, Artie Shaw oder Harry James, aber auch in kleinen Formationen mit Stars wie Louis Armstrong, Dizzy Gillespie und Charlie Parker. Frank Sinatra half ihm, seine erste eigene Big Band zu gr\u00fcnden.<\/p>\n<p id=\"block-b60ec8a5-3bdb-4fdc-a96a-b80fdfefdc47\"><strong>BUDDY RICH<\/strong>\u00a0strahlte ungeheure Energie aus und er gilt bis heute als einer der technisch besten Drummer aller Zeiten. Er war Perfektionist und stellte hohe Anspr\u00fcche an sich und seine Musikerkollegen. Daneben galt er als Jazzer mit All\u00fcren, der Umgang mit ihm war nicht immer leicht.<\/p>\n<p id=\"block-eb0d2b75-720e-439a-b3df-a7c4293489a9\">Musikalisch entwickelte sich\u00a0<strong>BUDDY RICH<\/strong>\u00a0in den 1960er und 1970er Jahren stetig weiter: Vom klassischen Swing \u00fcber Latin bis zu Jazzrock und Soul spielte er mit seinen Big Bands alles, was ihn k\u00fcnstlerisch forderte.\u00a0Freuen Sie sich auf Klassiker wie \u201eGroovin\u2019 Hard\u201c, auf Gospeljazz wie \u201eMercy, Mercy, Mercy\u201c, auf Latinsound wie \u201eNutville\u201c oder auch auf \u201eNorwegian Wood\u201c \u2013 den legend\u00e4ren Beatles-Song im Big Band-Arrangement.<\/p>\n<\/div>\t\t\t\t\t\t<\/div>\n\t\t\t\t<\/div>\n\t\t\t\t<div class=\"elementor-element elementor-element-656629bd elementor-widget elementor-widget-text-editor\" data-id=\"656629bd\" data-element_type=\"widget\" data-widget_type=\"text-editor.default\">\n\t\t\t\t<div class=\"elementor-widget-container\">\n\t\t\t\t\t\t\t\t\t\t\t\t\t<\/div>\n\t\t\t\t<\/div>\n\t\t\t\t\t<\/div>\n\t\t<\/div>\n\t\t\t\t\t\t\t<\/div>\n\t\t<\/section>\n\t\t\t\t\t\t\t<\/div>\n\t\t","protected":false},"excerpt":{"rendered":"<p>Das neue Programm 2024 &#8211; Giants Of Swing &#8211; Am 24. Mai 2024 pr\u00e4sentiert die Big Band\u00a0JAZZORGAN\u00a0ihr brandneues Programm mit Musik der\u00a0GIANTS OF SWING\u00a0\u2013 den gr\u00f6\u00dften Big Band-Klassikern der Drei\u00dfiger und Vierziger Jahre! \u00a0 Nach den umjubelten Tribute-Konzerten f\u00fcr Buddy Rich, Stan Kenton und Benny Carter haben sich die Musiker um Bandleader Bodo Schmidt etwas [&hellip;]<\/p>\n","protected":false},"author":2,"featured_media":0,"parent":0,"menu_order":0,"comment_status":"closed","ping_status":"closed","template":"","meta":{"footnotes":""},"_links":{"self":[{"href":"https:\/\/jazzorgan-bigband.de\/index.php?rest_route=\/wp\/v2\/pages\/95"}],"collection":[{"href":"https:\/\/jazzorgan-bigband.de\/index.php?rest_route=\/wp\/v2\/pages"}],"about":[{"href":"https:\/\/jazzorgan-bigband.de\/index.php?rest_route=\/wp\/v2\/types\/page"}],"author":[{"embeddable":true,"href":"https:\/\/jazzorgan-bigband.de\/index.php?rest_route=\/wp\/v2\/users\/2"}],"replies":[{"embeddable":true,"href":"https:\/\/jazzorgan-bigband.de\/index.php?rest_route=%2Fwp%2Fv2%2Fcomments&post=95"}],"version-history":[{"count":18,"href":"https:\/\/jazzorgan-bigband.de\/index.php?rest_route=\/wp\/v2\/pages\/95\/revisions"}],"predecessor-version":[{"id":157,"href":"https:\/\/jazzorgan-bigband.de\/index.php?rest_route=\/wp\/v2\/pages\/95\/revisions\/157"}],"wp:attachment":[{"href":"https:\/\/jazzorgan-bigband.de\/index.php?rest_route=%2Fwp%2Fv2%2Fmedia&parent=95"}],"curies":[{"name":"wp","href":"https:\/\/api.w.org\/{rel}","templated":true}]}}